{"id":27998,"date":"2020-12-15T09:41:55","date_gmt":"2020-12-15T09:41:55","guid":{"rendered":"https:\/\/blueplanet-foundation.org\/informativa-sulla-privacy\/"},"modified":"2020-12-18T19:43:32","modified_gmt":"2020-12-18T19:43:32","slug":"informativa-sulla-privacy","status":"publish","type":"page","link":"https:\/\/blueplanet-foundation.org\/it\/informativa-sulla-privacy\/","title":{"rendered":"Informativa sulla privacy"},"content":{"rendered":"<p>[et_pb_section fb_built=&#8221;1&#8243; _builder_version=&#8221;3.22&#8243;][et_pb_row _builder_version=&#8221;3.25&#8243; background_size=&#8221;initial&#8221; background_position=&#8221;top_left&#8221; background_repeat=&#8221;repeat&#8221;][et_pb_column type=&#8221;4_4&#8243; _builder_version=&#8221;3.25&#8243; custom_padding=&#8221;|||&#8221; custom_padding__hover=&#8221;|||&#8221;][et_pb_text _builder_version=&#8221;4.7.5&#8243; background_size=&#8221;initial&#8221; background_position=&#8221;top_left&#8221; background_repeat=&#8221;repeat&#8221;]<\/p>\n<h1>Informativa sulla privacy<\/h1>\n<p>Il responsabile in termini di leggi sulla protezione dei dati, in particolare il regolamento generale dell&#8217;UE sulla protezione dei dati (DSGVO), \u00e8 la parte responsabile:<\/p>\n<p>Blue Planet &#8211; Virginia Boeger Foundation X.X.<\/p>\n<p>Dr. Luzi Rageth<br \/>Via Serafino Balestra 18<br \/>6900 Lugano<\/p>\n<p> Sito web: https:\/\/blueplanet-foundation.org\/<\/p>\n<h2>Informazioni generali<\/h2>\n<p>In base all&#8217;articolo 13 della Costituzione federale svizzera e alle disposizioni sulla protezione dei dati della Confederazione Svizzera (Legge sulla protezione dei dati, DSG), ogni persona ha il diritto alla tutela della propria sfera privata e alla protezione contro l&#8217;abuso dei propri dati personali. I gestori di queste pagine prendono molto sul serio la protezione dei vostri dati personali. Trattiamo i vostri dati personali in modo confidenziale e in conformit\u00e0 con le disposizioni di legge sulla protezione dei dati e con la presente informativa sulla privacy.  <br \/> In collaborazione con i nostri provider di hosting, facciamo ogni sforzo per proteggere le banche dati nel miglior modo possibile da accessi non autorizzati, perdita, uso improprio o falsificazione.<br \/> Desideriamo sottolineare che la trasmissione di dati su Internet (ad es. la comunicazione via e-mail) pu\u00f2 presentare lacune di sicurezza. Una protezione completa dei dati contro l&#8217;accesso da parte di terzi non \u00e8 possibile. <br \/> Utilizzando questo sito web, l&#8217;utente acconsente alla raccolta, all&#8217;elaborazione e all&#8217;utilizzo dei dati secondo la seguente descrizione. Questo sito web \u00e8 generalmente visitabile senza registrazione. I dati come le pagine visitate o i nomi dei file consultati, la data e l&#8217;ora vengono memorizzati sul server per scopi statistici senza che questi dati siano direttamente collegati alla vostra persona. I dati personali, in particolare il nome, l&#8217;indirizzo o l&#8217;indirizzo e-mail vengono raccolti, per quanto possibile, su base volontaria. Senza il vostro consenso, i dati non vengono trasmessi a terzi.    <\/p>\n<h2>Trattamento dei dati personali<\/h2>\n<p>Per dati personali si intende qualsiasi informazione relativa ad una persona identificata o identificabile. L&#8217;interessato \u00e8 la persona sulla quale vengono trattati i dati personali. Il trattamento comprende qualsiasi trattamento di dati personali, indipendentemente dai mezzi e dalle procedure utilizzate, in particolare la conservazione, la divulgazione, l&#8217;acquisizione, l&#8217;acquisizione, la cancellazione, la conservazione, la modificazione, la distruzione e l&#8217;utilizzo dei dati personali.  <br \/>Trattiamo i dati personali in conformit\u00e0 alla legge svizzera sulla protezione dei dati. Inoltre, nella misura e nella misura in cui \u00e8 applicabile il GDPR dell&#8217;UE, trattiamo i dati personali in conformit\u00e0 con le seguenti basi legali in relazione all&#8217;art. 6 (1) GDPR: <\/p>\n<ul>\n<li>lit. a) Trattamento dei dati personali con il consenso dell&#8217;interessato. <\/li>\n<li>lit. b) Trattamento dei dati personali per l&#8217;adempimento del contratto con l&#8217;interessato e per l&#8217;attuazione delle relative misure precontrattuali. <\/li>\n<li>lit. c) Trattamento dei dati personali per l&#8217;adempimento di un obbligo legale a cui siamo soggetti in base a qualsiasi legge applicabile dell&#8217;UE o in base a qualsiasi legge applicabile di un paese in cui il GDPR \u00e8 applicabile in tutto o in parte. <\/li>\n<li>lit. d) Trattamento dei dati personali al fine di tutelare gli interessi vitali dell&#8217;interessato o di un&#8217;altra persona fisica. <\/li>\n<li>lit. f) Processing of personal data to protect the legitimate interests of us or of third parties, unless the fundamental freedoms <\/li>\n<\/ul>\n<p>e i diritti e gli interessi della persona interessata sono sovrascritti. Tra gli interessi legittimi vi sono, in particolare, il nostro interesse commerciale a poter fornire il nostro sito web, la sicurezza delle informazioni, l&#8217;applicazione delle nostre rivendicazioni legali e il rispetto del diritto svizzero. <br \/>Trattiamo i dati personali per la durata necessaria al rispettivo scopo o finalit\u00e0. In caso di obblighi di conservazione a lungo termine dovuti a obblighi legali e di altro tipo a cui siamo soggetti, limitiamo il trattamento di conseguenza. <\/p>\n<h2>Informativa sulla privacy per i cookie<\/h2>\n<p>Questo sito web utilizza i cookie. Si tratta di piccoli file di testo che consentono di memorizzare informazioni specifiche relative all&#8217;utente sul dispositivo terminale dell&#8217;utente durante l&#8217;utilizzo del sito web. I cookie consentono, in particolare, di determinare la frequenza di utilizzo e il numero di utenti delle pagine, di analizzare i modelli di comportamento dell&#8217;utilizzo delle pagine, ma anche di rendere la nostra offerta pi\u00f9 accessibile ai clienti. I cookies rimangono memorizzati oltre la fine di una sessione del browser e possono essere recuperati quando l&#8217;utente visita nuovamente il sito. Se non si desidera che ci\u00f2 avvenga, \u00e8 necessario impostare il browser Internet in modo che rifiuti i cookie.    <br \/>Un&#8217;obiezione generale all&#8217;uso dei cookie utilizzati per scopi di marketing online pu\u00f2 essere dichiarata per un gran numero di servizi, soprattutto in caso di tracciamento, attraverso il sito statunitense <a href=\"http:\/\/www.aboutads.info\/choices\/\" target=\"_blank\" rel=\"noopener noreferrer\">http:\/\/www.aboutads.info\/choices\/<\/a> o il sito dell&#8217;UE <a href=\"http:\/\/www.youronlinechoices.com\/\" target=\"_blank\" rel=\"noopener noreferrer\">http:\/\/www.youronlinechoices.com\/<\/a>. Inoltre, la memorizzazione dei cookie pu\u00f2 essere ottenuta disabilitandoli nelle impostazioni del browser. Si prega di notare che in questo caso non tutte le funzioni di questa offerta online possono essere utilizzate. <\/p>\n<h2>Informativa sulla privacy per la crittografia SSL\/TLS<\/h2>\n<p>Questo sito web utilizza la crittografia SSL\/TLS per motivi di sicurezza e per proteggere la trasmissione di contenuti riservati, come le richieste che ci inviate in qualit\u00e0 di operatore del sito. \u00c8 possibile riconoscere una connessione criptata dal fatto che la riga dell&#8217;indirizzo del browser cambia da &#8220;http:\/\/&#8221; a &#8220;https:\/\/&#8221; e dal simbolo del lucchetto nella riga del browser. <br \/>Se la crittografia SSL o TLS \u00e8 attivata, i dati che ci trasmettete non possono essere letti da terzi.<\/p>\n<h2>Informativa sulla privacy per i file di log del server<\/h2>\n<p>Il provider di questo sito web raccoglie e memorizza automaticamente le informazioni in cosiddetti file di log del server, che il vostro browser ci trasmette automaticamente. Questi sono:<\/p>\n<ul>\n<li>tipo e versione del browser<\/li>\n<li>Sistema operativo utilizzato<\/li>\n<li>URL referente<\/li>\n<li>Nome host del computer di accesso<\/li>\n<li>Ora della richiesta del server<\/li>\n<\/ul>\n<p>Questi dati non possono essere assegnati a persone specifiche. Questi dati non vengono fusi con altre fonti di dati. Ci riserviamo il diritto di controllare questi dati a posteriori se veniamo a conoscenza di specifiche indicazioni di uso illegale.  <\/p>\n<h2>Dichiarazione di protezione dei dati per il modulo di contatto<\/h2>\n<p>Se ci inviate le vostre richieste tramite il modulo di contatto, i vostri dati del modulo di richiesta, compresi i dati di contatto da voi forniti, saranno da noi memorizzati per l&#8217;elaborazione della richiesta e in caso di domande successive. Non trasmettiamo questi dati senza il vostro consenso. <\/p>\n<h2>Informativa sulla privacy per Google Analytics<\/h2>\n<p>Questo sito web utilizza Google Analytics, un servizio di analisi web fornito da Google Ireland Limited. Se il titolare del trattamento dei dati su questo sito web si trova al di fuori dello Spazio Economico Europeo o della Svizzera, l&#8217;elaborazione dei dati di Google Analytics viene effettuata da Google LLC. Google LLC e Google Ireland Limited sono di seguito denominati \u00abGoogle\u00bb.  <br \/>Le statistiche ottenute ci permettono di migliorare la nostra offerta e di renderla pi\u00f9 interessante per voi come utenti. Questo sito web utilizza anche Google Analytics per un&#8217;analisi incrociata dei flussi di visitatori, che viene effettuata tramite un ID utente. Se disponete di un account utente Google, potete disattivare l&#8217;analisi incrociata del vostro utilizzo nelle relative impostazioni alla voce \u00abI miei dati\u00bb, \u00abDati personali\u00bb.  <br \/>La base giuridica per l&#8217;utilizzo di Google Analytics \u00e8 l&#8217;Art. 6 comma 1 p. 1 lit. f DS-GVO. L&#8217;indirizzo IP trasmesso dal vostro browser nell&#8217;ambito di Google Analytics non verr\u00e0 unito ad altri dati di Google. Facciamo presente che su questo sito web Google Analytics \u00e8 stato ampliato con il codice &#8220;_anonymizeIp();&#8221; per garantire la raccolta anonima degli indirizzi IP. Ci\u00f2 significa che gli indirizzi IP vengono elaborati in forma abbreviata, il che significa che non possono essere collegati a una persona specifica. Se i dati raccolti su di voi sono collegati a una persona, questo viene immediatamente escluso e i dati personali vengono immediatamente cancellati.      <br \/>Solo in casi eccezionali l&#8217;indirizzo IP completo verr\u00e0 trasferito su un server di Google negli USA e l\u00ec abbreviato. Su incarico del gestore di questo sito web, Google utilizzer\u00e0 queste informazioni allo scopo di tracciare e esaminare il Vostro utilizzo del sito web, compilare report sulle attivit\u00e0 del sito web e fornire altri servizi relativi alle attivit\u00e0 del sito web e all&#8217;utilizzo di Internet.  Per i casi eccezionali in cui i dati personali vengono trasferiti negli USA, Google si \u00e8 rivolto al Privacy Shield UE-USA, <a href=\"https:\/\/www.privacyshield.gov\/EU-US-Framework.\" target=\"_blank\" rel=\"noopener noreferrer\">https:\/\/www.privacyshield.gov\/EU-US-Framework<\/a>.<br \/>Google Analytics utilizza i cookie. Le informazioni generate dal cookie sull&#8217;utilizzo di questo sito web da parte dell&#8217;utente vengono di norma trasmesse a un server di Google negli Stati Uniti e l\u00ec memorizzate. Potete rifiutarvi di usare i cookies selezionando l&#8217;impostazione appropriata sul vostro browser, ma vi preghiamo di notare che in questo caso potreste non essere in grado di utilizzare tutte le funzionalit\u00e0 di questo sito web.   Potete anche impedire il rilevamento dei dati generati dal cookie e relativi al vostro utilizzo del sito web (compreso il vostro indirizzo IP) a Google e l&#8217;elaborazione di questi dati da parte di Google scaricando e installando il plugin del browser disponibile al seguente link: <a href=\"https:\/\/tools.google.com\/dlpage\/gaoptout?hl=de\" target=\"_blank\" rel=\"noopener noreferrer\">Disattivare Google Analytics.<\/a><br \/>Inoltre, \u00e8 possibile impedire l&#8217;uso di Google Analytics anche cliccando su questo link: <a href=\"https:\/\/tools.google.com\/dlpage\/gaoptout?hl=de\" target=\"_blank\" rel=\"noopener noreferrer\">Disattivare Google Analytics<\/a>. In questo modo viene salvato un cosiddetto \u00abopt-out cookie\u00bb sul vostro supporto dati, che impedisce il trattamento dei dati personali da parte di Google Analytics. Si prega di notare che se cancellate tutti i cookie sul vostro terminale, anche questi cookie opt-out saranno cancellati, vale a dire che dovrete impostare nuovamente i cookie opt-out se desiderate continuare ad impedire questa forma di raccolta dati. I cookie opt-out sono impostati per browser e computer\/dispositivo terminale e devono quindi essere attivati separatamente per ogni browser, computer o altro dispositivo terminale. <\/p>\n<h2>Modifiche<\/h2>\n<p>Possiamo modificare questa politica sulla privacy in qualsiasi momento senza preavviso. Si applica la versione attuale pubblicata sul nostro sito web. Nella misura in cui la dichiarazione sulla protezione dei dati fa parte di un accordo con voi, vi informeremo della modifica per e-mail o con altri mezzi idonei in caso di aggiornamento.  <\/p>\n<h2>Domande al responsabile della protezione dei dati<\/h2>\n<p>Se avete domande sulla protezione dei dati, scriveteci un&#8217;e-mail o contattate direttamente il responsabile della nostra organizzazione elencato all&#8217;inizio dell&#8217;informativa sulla privacy.<\/p>\n<p>Lugano, 11.12.2020<br \/>Provenienza: <a href=\"https:\/\/www.swissanwalt.ch\/default.aspx\" target=\"_blank\" rel=\"noopener noreferrer\">SwissAnwalt<\/a><\/p>\n<p>[\/et_pb_text][\/et_pb_column][\/et_pb_row][\/et_pb_section][et_pb_section fb_built=&#8221;1&#8243; admin_label=&#8221;Footer&#8221; _builder_version=&#8221;4.7.2&#8243; background_color=&#8221;#008ab3&#8243; top_divider_style=&#8221;waves&#8221; top_divider_color=&#8221;#ffffff&#8221; top_divider_height=&#8221;62px&#8221; global_module=&#8221;27732&#8243; saved_tabs=&#8221;all&#8221;][et_pb_row column_structure=&#8221;1_2,1_2&#8243; _builder_version=&#8221;4.0.2&#8243; custom_margin=&#8221;7%||||false|false&#8221;][et_pb_column type=&#8221;1_2&#8243; _builder_version=&#8221;4.0.2&#8243;][et_pb_image src=&#8221;https:\/\/blueplanet-foundation.org\/wp-content\/uploads\/2020\/11\/BluePlanet_Logo_weiss_P313U_768.png&#8221; alt=&#8221;Logo del Blue Planet&#8221; title_text=&#8221;Logo del Blue Planet&#8221; _builder_version=&#8221;4.7.2&#8243;][\/et_pb_image][\/et_pb_column][et_pb_column type=&#8221;1_2&#8243; _builder_version=&#8221;4.0.2&#8243;][et_pb_text admin_label=&#8221;Text&#8221; _builder_version=&#8221;4.7.5&#8243; text_text_color=&#8221;#ffffff&#8221; text_font_size=&#8221;20px&#8221; header_3_font=&#8221;Open Sans|700||on|||||&#8221; header_3_text_color=&#8221;#ffffff&#8221; hover_enabled=&#8221;0&#8243; sticky_enabled=&#8221;0&#8243;]<\/p>\n<h3>Indirizzo<\/h3>\n<p>Blue Planet &#8211; Virginia B\u00f6ger Stiftung X.X.<br \/> Via Serafino Balestra 18<br \/> 6900 Lugano<\/p>\n<p>info@blueplanetfoundation.ch<\/p>\n<p>&nbsp;<\/p>\n<p><strong><a href=\"https:\/\/blueplanet-foundation.org\/it\/impronta\/\">Impronta<\/a> &#8211;<a href=\"https:\/\/blueplanet-foundation.org\/it\/informativa-sulla-privacy\/\"> Informativa sulla privacy<\/a><\/strong><\/p>\n<p>[\/et_pb_text][\/et_pb_column][\/et_pb_row][\/et_pb_section]<\/p>\n","protected":false},"excerpt":{"rendered":"<p>Informativa sulla privacy Il responsabile in termini di leggi sulla protezione dei dati, in particolare il regolamento generale dell&#8217;UE sulla protezione dei dati (DSGVO), \u00e8 la parte responsabile: Blue Planet &#8211; Virginia Boeger Foundation X.X. Dr. Luzi RagethVia Serafino Balestra 186900 Lugano Sito web: https:\/\/blueplanet-foundation.org\/ Informazioni generali In base all&#8217;articolo 13 della Costituzione federale svizzera [&hellip;]<\/p>\n","protected":false},"author":1,"featured_media":0,"parent":0,"menu_order":0,"comment_status":"closed","ping_status":"open","template":"","meta":{"_et_pb_use_builder":"on","_et_pb_old_content":"","_et_gb_content_width":"","footnotes":""},"class_list":["post-27998","page","type-page","status-publish","hentry"],"_links":{"self":[{"href":"https:\/\/blueplanet-foundation.org\/it\/wp-json\/wp\/v2\/pages\/27998","targetHints":{"allow":["GET"]}}],"collection":[{"href":"https:\/\/blueplanet-foundation.org\/it\/wp-json\/wp\/v2\/pages"}],"about":[{"href":"https:\/\/blueplanet-foundation.org\/it\/wp-json\/wp\/v2\/types\/page"}],"author":[{"embeddable":true,"href":"https:\/\/blueplanet-foundation.org\/it\/wp-json\/wp\/v2\/users\/1"}],"replies":[{"embeddable":true,"href":"https:\/\/blueplanet-foundation.org\/it\/wp-json\/wp\/v2\/comments?post=27998"}],"version-history":[{"count":8,"href":"https:\/\/blueplanet-foundation.org\/it\/wp-json\/wp\/v2\/pages\/27998\/revisions"}],"predecessor-version":[{"id":28056,"href":"https:\/\/blueplanet-foundation.org\/it\/wp-json\/wp\/v2\/pages\/27998\/revisions\/28056"}],"wp:attachment":[{"href":"https:\/\/blueplanet-foundation.org\/it\/wp-json\/wp\/v2\/media?parent=27998"}],"curies":[{"name":"wp","href":"https:\/\/api.w.org\/{rel}","templated":true}]}}