{"id":27984,"date":"2020-12-14T17:49:42","date_gmt":"2020-12-14T17:49:42","guid":{"rendered":"https:\/\/blueplanet-foundation.org\/impronta\/"},"modified":"2020-12-18T19:50:35","modified_gmt":"2020-12-18T19:50:35","slug":"impronta","status":"publish","type":"page","link":"https:\/\/blueplanet-foundation.org\/it\/impronta\/","title":{"rendered":"Impressum"},"content":{"rendered":"<p>[et_pb_section fb_built=&#8221;1&#8243; _builder_version=&#8221;4.7.2&#8243; _module_preset=&#8221;default&#8221;][et_pb_row _builder_version=&#8221;4.7.2&#8243; _module_preset=&#8221;default&#8221;][et_pb_column type=&#8221;4_4&#8243; _builder_version=&#8221;4.7.2&#8243; _module_preset=&#8221;default&#8221;][et_pb_text _builder_version=&#8221;4.7.2&#8243; _module_preset=&#8221;default&#8221;]<\/p>\n<h1>Impressum<\/h1>\n<h2>Indirizzo del contatto<\/h2>\n<p>Blue Planet &#8211; Virginia Boeger Foundation X.X.<br \/>\nVia Serafino Balestra 18<br \/>\n6900 Lugano<br \/>\nSvizzera<\/p>\n<p>e-mail: impressum@blueplanet-foundation.org<\/p>\n<h2>Rappresentante(i) autorizzato(i)<\/h2>\n<p>Luzi Rageth<br \/>\nDr. oec. HSG MA, Consiglio di fondazione<\/p>\n<h2>Iscrizione al registro di commercio<\/h2>\n<p>Ragione sociale registrata: Blue Planet &#8211; Virginia Boeger Foundation X.X.<br \/>\nN. registro di commercio: CH-501.7.011.302-8<\/p>\n<p>Codice fiscale: CHE-114,482,522<\/p>\n<h2>Disclaimer<\/h2>\n<p>L&#8217;autore non si assume alcuna responsabilit\u00e0 per quanto riguarda la correttezza, l&#8217;accuratezza, l&#8217;attualit\u00e0, l&#8217;affidabilit\u00e0 e la completezza delle informazioni fornite.<br \/>\nSono escluse rivendicazioni di responsabilit\u00e0 nei confronti dell&#8217;autore per danni materiali o immateriali derivanti dall&#8217;accesso o dall&#8217;uso o dal mancato uso delle informazioni pubblicate, dall&#8217;uso improprio del collegamento o da difetti tecnici.<\/p>\n<p>Tutte le offerte non sono vincolanti. Parti delle pagine o la pubblicazione completa, comprese tutte le offerte e le informazioni, possono essere ampliate, modificate o cancellate parzialmente o completamente dall&#8217;autore senza preavviso.<\/p>\n<h2>Esclusione di responsabilit\u00e0 per i link<\/h2>\n<p>I riferimenti e i link a siti web di terzi sono al di fuori della nostra area di responsabilit\u00e0. Decliniamo ogni responsabilit\u00e0 per tali siti web. L&#8217;accesso e l&#8217;utilizzo di tali siti web \u00e8 a rischio e pericolo dell&#8217;utente.<\/p>\n<h2>Copyright<\/h2>\n<p>I diritti d&#8217;autore e tutti gli altri diritti su contenuti, immagini, foto o altri file di questo sito web appartengono esclusivamente alla persona giuridica Blue Planet &#8211; Virginia Boeger Foundation X.X. o ai titolari dei diritti specificamente nominati. Per la riproduzione di qualsiasi elemento, il consenso scritto del titolare del diritto d&#8217;autore deve essere ottenuto in anticipo.<\/p>\n<p>Provenienza: <a href=\"https:\/\/www.swissanwalt.ch\" target=\"_blank\" rel=\"noopener noreferrer\">SwissAnwalt<\/a>[\/et_pb_text][\/et_pb_column][\/et_pb_row][\/et_pb_section][et_pb_section fb_built=&#8221;1&#8243; admin_label=&#8221;Footer&#8221; _builder_version=&#8221;4.7.2&#8243; background_color=&#8221;#008ab3&#8243; top_divider_style=&#8221;waves&#8221; top_divider_color=&#8221;#ffffff&#8221; top_divider_height=&#8221;62px&#8221; global_module=&#8221;27732&#8243; saved_tabs=&#8221;all&#8221;][et_pb_row column_structure=&#8221;1_2,1_2&#8243; _builder_version=&#8221;4.0.2&#8243; custom_margin=&#8221;7%||||false|false&#8221;][et_pb_column type=&#8221;1_2&#8243; _builder_version=&#8221;4.0.2&#8243;][et_pb_image src=&#8221;https:\/\/blueplanet-foundation.org\/wp-content\/uploads\/2020\/11\/BluePlanet_Logo_weiss_P313U_768.png&#8221; alt=&#8221;Logo del Blue Planet&#8221; title_text=&#8221;Logo del Blue Planet&#8221; _builder_version=&#8221;4.7.2&#8243;][\/et_pb_image][\/et_pb_column][et_pb_column type=&#8221;1_2&#8243; _builder_version=&#8221;4.0.2&#8243;][et_pb_text admin_label=&#8221;Text&#8221; _builder_version=&#8221;4.7.5&#8243; text_text_color=&#8221;#ffffff&#8221; text_font_size=&#8221;20px&#8221; header_3_font=&#8221;Open Sans|700||on|||||&#8221; header_3_text_color=&#8221;#ffffff&#8221; hover_enabled=&#8221;0&#8243; sticky_enabled=&#8221;0&#8243;]<\/p>\n<h3>Indirizzo<\/h3>\n<p>Blue Planet &#8211; Virginia B\u00f6ger Stiftung X.X.<br \/>Via Serafino Balestra 18<br \/>6900 Lugano<\/p>\n<p>info@blueplanetfoundation.ch<\/p>\n<p>&nbsp;<\/p>\n<p><strong><a href=\"https:\/\/blueplanet-foundation.org\/it\/impronta\/\">Impronta<\/a> &#8211; Informativa sulla privacy<\/strong><\/p>\n<p>[\/et_pb_text][\/et_pb_column][\/et_pb_row][\/et_pb_section]<\/p>\n","protected":false},"excerpt":{"rendered":"<p>Impressum Indirizzo del contatto Blue Planet &#8211; Virginia Boeger Foundation X.X. Via Serafino Balestra 18 6900 Lugano Svizzera e-mail: impressum@blueplanet-foundation.org Rappresentante(i) autorizzato(i) Luzi Rageth Dr. oec. HSG MA, Consiglio di fondazione Iscrizione al registro di commercio Ragione sociale registrata: Blue Planet &#8211; Virginia Boeger Foundation X.X. N. registro di commercio: CH-501.7.011.302-8 Codice fiscale: CHE-114,482,522 Disclaimer [&hellip;]<\/p>\n","protected":false},"author":1,"featured_media":0,"parent":0,"menu_order":0,"comment_status":"closed","ping_status":"closed","template":"","meta":{"_et_pb_use_builder":"on","_et_pb_old_content":"","_et_gb_content_width":"","footnotes":""},"class_list":["post-27984","page","type-page","status-publish","hentry"],"_links":{"self":[{"href":"https:\/\/blueplanet-foundation.org\/it\/wp-json\/wp\/v2\/pages\/27984","targetHints":{"allow":["GET"]}}],"collection":[{"href":"https:\/\/blueplanet-foundation.org\/it\/wp-json\/wp\/v2\/pages"}],"about":[{"href":"https:\/\/blueplanet-foundation.org\/it\/wp-json\/wp\/v2\/types\/page"}],"author":[{"embeddable":true,"href":"https:\/\/blueplanet-foundation.org\/it\/wp-json\/wp\/v2\/users\/1"}],"replies":[{"embeddable":true,"href":"https:\/\/blueplanet-foundation.org\/it\/wp-json\/wp\/v2\/comments?post=27984"}],"version-history":[{"count":16,"href":"https:\/\/blueplanet-foundation.org\/it\/wp-json\/wp\/v2\/pages\/27984\/revisions"}],"predecessor-version":[{"id":28074,"href":"https:\/\/blueplanet-foundation.org\/it\/wp-json\/wp\/v2\/pages\/27984\/revisions\/28074"}],"wp:attachment":[{"href":"https:\/\/blueplanet-foundation.org\/it\/wp-json\/wp\/v2\/media?parent=27984"}],"curies":[{"name":"wp","href":"https:\/\/api.w.org\/{rel}","templated":true}]}}