{"id":27925,"date":"2020-12-12T19:40:18","date_gmt":"2020-12-12T19:40:18","guid":{"rendered":"https:\/\/blueplanet-foundation.org\/blue-planet-virginia-boger-stiftung\/"},"modified":"2020-12-21T21:39:30","modified_gmt":"2020-12-21T21:39:30","slug":"blue-planet-virginia-boger-stiftung","status":"publish","type":"page","link":"https:\/\/blueplanet-foundation.org\/it\/","title":{"rendered":"Blue Planet &#8211; Virginia B\u00f6ger Stiftung"},"content":{"rendered":"<p>[et_pb_section fb_built=&#8221;1&#8243; custom_padding_last_edited=&#8221;on|desktop&#8221; admin_label=&#8221;section&#8221; _builder_version=&#8221;4.0.2&#8243; background_image=&#8221;https:\/\/blueplanet-foundation.org\/wp-content\/uploads\/2020\/06\/delfini-tursiomed-1920.jpg&#8221; custom_padding=&#8221;115px|0px|51.0312px|0px&#8221; custom_padding_tablet=&#8221;50px|0|50px|0&#8243; custom_padding_phone=&#8221;&#8221; border_width_top=&#8221;3px&#8221; border_color_top=&#8221;#ffffff&#8221; transparent_background=&#8221;off&#8221; padding_mobile=&#8221;off&#8221; make_fullwidth=&#8221;off&#8221; use_custom_width=&#8221;off&#8221; width_unit=&#8221;off&#8221; custom_width_px=&#8221;1080px&#8221; custom_width_percent=&#8221;80%&#8221;][et_pb_row padding_mobile=&#8221;off&#8221; column_padding_mobile=&#8221;on&#8221; _builder_version=&#8221;4.4.8&#8243; background_color=&#8221;rgba(0,138,179,0.53)&#8221; background_size=&#8221;initial&#8221; background_position=&#8221;top_left&#8221; background_repeat=&#8221;repeat&#8221; make_fullwidth=&#8221;off&#8221; use_custom_width=&#8221;off&#8221; width_unit=&#8221;off&#8221; custom_width_px=&#8221;1080px&#8221; custom_width_percent=&#8221;80%&#8221;][et_pb_column type=&#8221;4_4&#8243; _builder_version=&#8221;3.25&#8243; custom_padding=&#8221;|||&#8221; custom_padding__hover=&#8221;|||&#8221;][et_pb_text _builder_version=&#8221;4.7.5&#8243; header_font=&#8221;Montserrat|on||on|&#8221; header_font_size=&#8221;80px&#8221; background_size=&#8221;initial&#8221; background_position=&#8221;top_left&#8221; background_repeat=&#8221;repeat&#8221; text_orientation=&#8221;center&#8221; background_layout=&#8221;dark&#8221; module_alignment=&#8221;center&#8221; header_font_size_tablet=&#8221;63px&#8221; header_font_size_phone=&#8221;41px&#8221; header_font_size_last_edited=&#8221;on|phone&#8221; use_border_color=&#8221;off&#8221; border_style=&#8221;solid&#8221;]<\/p>\n<h1>La nostra missione<\/h1>\n<p>[\/et_pb_text][et_pb_text _builder_version=&#8221;4.7.5&#8243; text_font=&#8221;Lato|700|||||||&#8221; header_font=&#8221;||||&#8221; background_size=&#8221;initial&#8221; background_position=&#8221;top_left&#8221; background_repeat=&#8221;repeat&#8221; text_orientation=&#8221;center&#8221; background_layout=&#8221;dark&#8221; max_width=&#8221;80%&#8221; module_alignment=&#8221;center&#8221; custom_margin_tablet=&#8221;&#8221; custom_margin_phone=&#8221;&#8221; custom_margin_last_edited=&#8221;on|phone&#8221; custom_padding=&#8221;8px||||false|false&#8221; text_font_tablet=&#8221;&#8221; text_font_phone=&#8221;&#8221; text_font_last_edited=&#8221;on|phone&#8221; text_font_size_phone=&#8221;18px&#8221; use_border_color=&#8221;off&#8221; border_style=&#8221;solid&#8221;]<\/p>\n<p>Sosteniamo progetti per la tutela dell&#8217;ambiente e della natura in generale, nonch\u00e9 qualsiasi iniziativa volta alla protezione degli animali e alla sensibilizzazione dei popoli per la pace del mondo.<\/p>\n<p>[\/et_pb_text][et_pb_code _builder_version=&#8221;3.0.47&#8243; custom_css_main_element=&#8221;display: block;||height: 100px;||width: 1px;||position: relative;||background-color: #fff;||margin: auto;&#8221;][\/et_pb_code][et_pb_button button_url=&#8221;#projects&#8221; button_text=&#8221;I nostri progetti finanziati&#8221; button_alignment=&#8221;center&#8221; _builder_version=&#8221;4.7.5&#8243; custom_button=&#8221;on&#8221; button_text_color=&#8221;#ffffff&#8221; button_bg_color=&#8221;#ff666b&#8221; button_border_width=&#8221;2px&#8221; button_border_radius=&#8221;0px&#8221; button_font=&#8221;Lato|700||on|||||&#8221; button_icon=&#8221;%%3%%&#8221; button_text_size_tablet=&#8221;&#8221; button_text_size_phone=&#8221;15px&#8221; button_text_size_last_edited=&#8221;on|phone&#8221;][\/et_pb_button][\/et_pb_column][\/et_pb_row][\/et_pb_section][et_pb_section fb_built=&#8221;1&#8243; _builder_version=&#8221;3.22&#8243;][et_pb_row column_structure=&#8221;3_4,1_4&#8243; _builder_version=&#8221;4.0.2&#8243; custom_padding=&#8221;45px||0px|||&#8221;][et_pb_column type=&#8221;3_4&#8243; _builder_version=&#8221;4.0.2&#8243;][et_pb_text _builder_version=&#8221;4.7.7&#8243; header_2_font=&#8221;||||||||&#8221; header_2_text_align=&#8221;center&#8221; header_2_text_color=&#8221;#008ab3&#8243; header_2_font_size=&#8221;48px&#8221; header_3_text_align=&#8221;center&#8221; min_height=&#8221;105px&#8221; custom_margin=&#8221;||-1px|||&#8221; custom_margin_tablet=&#8221;&#8221; custom_margin_phone=&#8221;||0px||false|false&#8221; custom_margin_last_edited=&#8221;on|phone&#8221; custom_padding=&#8221;||7px|54px||&#8221; custom_padding_tablet=&#8221;&#8221; custom_padding_phone=&#8221;|0px||0px|false|true&#8221; custom_padding_last_edited=&#8221;on|phone&#8221; hover_enabled=&#8221;0&#8243; sticky_enabled=&#8221;0&#8243;]<\/p>\n<h2>Scopo della fondazione<\/h2>\n<h3>Come facciamo progetti e cosa viene sostenuto da Blue Planet.<\/h3>\n<p>La nostra fondatrice, Virginia B\u00f6ger, amava il mare. Voleva preservare la sua diversit\u00e0 e la sua bellezza, quindi ha lasciato in eredit\u00e0 il suo patrimonio alla Fondazione Blue Planet Virginia B\u00f6ger X.X.<\/p>\n<p>[\/et_pb_text][\/et_pb_column][et_pb_column type=&#8221;1_4&#8243; _builder_version=&#8221;4.0.2&#8243;][et_pb_image src=&#8221;https:\/\/blueplanet-foundation.org\/wp-content\/uploads\/2019\/10\/BluePlanet_Logo_blau_332.png&#8221; _builder_version=&#8221;4.7.5&#8243; custom_margin=&#8221;34.4%||||false|false&#8221; custom_margin_tablet=&#8221;&#8221; custom_margin_phone=&#8221;0%||11%||false|false&#8221; custom_margin_last_edited=&#8221;on|phone&#8221;][\/et_pb_image][\/et_pb_column][\/et_pb_row][et_pb_row _builder_version=&#8221;4.0.2&#8243; custom_margin=&#8221;-16px|auto||auto||&#8221; custom_padding=&#8221;1px|||||&#8221;][et_pb_column type=&#8221;4_4&#8243; _builder_version=&#8221;4.0.2&#8243;][et_pb_text _builder_version=&#8221;4.4.8&#8243; header_2_font=&#8221;||||||||&#8221; header_2_text_align=&#8221;center&#8221; header_2_text_color=&#8221;#008ab3&#8243; header_2_font_size=&#8221;48px&#8221; header_3_text_align=&#8221;center&#8221; min_height=&#8221;105px&#8221; custom_margin=&#8221;||-1px|||&#8221; custom_margin_tablet=&#8221;&#8221; custom_margin_phone=&#8221;||0px||false|false&#8221; custom_margin_last_edited=&#8221;on|phone&#8221; custom_padding=&#8221;||7px|54px||&#8221; custom_padding_tablet=&#8221;&#8221; custom_padding_phone=&#8221;|0px||0px|false|true&#8221; custom_padding_last_edited=&#8221;on|phone&#8221;]<\/p>\n<p>Lo scopo della fondazione, come descritto nell&#8217;articolo 2 dello statuto, \u00e8 il seguente:<\/p>\n<p>[\/et_pb_text][et_pb_text _builder_version=&#8221;4.7.5&#8243; text_font=&#8221;Open Sans|600|on||||||&#8221; text_text_color=&#8221;#008ab3&#8243; text_font_size=&#8221;24px&#8221; header_2_font=&#8221;||||||||&#8221; header_2_text_align=&#8221;center&#8221; header_2_text_color=&#8221;#008ab3&#8243; header_2_font_size=&#8221;48px&#8221; header_3_text_align=&#8221;center&#8221; min_height=&#8221;105px&#8221; custom_padding=&#8221;|20px|48px|20px|false|true&#8221; text_font_size_phone=&#8221;18px&#8221;]<\/p>\n<p>\u00abSostenere progetti per la tutela dell&#8217;ambiente e della natura in generale, nonch\u00e9 iniziative che mirano alla protezione della fauna selvatica e alla sensibilizzazione dei popoli per la pace nel mondo. La fondazione sosterr\u00e0 azioni specifiche, nonch\u00e9 studi e\/o progetti di ricerca relativi al suo scopo principale. La fondazione pu\u00f2 introdurre premi. &#8211; Sosterr\u00e0 in particolare progetti di organizzazioni riconosciute.\u00bb<\/p>\n<p>[\/et_pb_text][\/et_pb_column][\/et_pb_row][\/et_pb_section][et_pb_section fb_built=&#8221;1&#8243; _builder_version=&#8221;3.22&#8243; custom_margin=&#8221;-75px|||||&#8221; custom_padding=&#8221;10px|||||&#8221;][et_pb_row _builder_version=&#8221;4.0.2&#8243; custom_padding=&#8221;45px|||||&#8221;][et_pb_column type=&#8221;4_4&#8243; _builder_version=&#8221;4.0.2&#8243;][et_pb_text _builder_version=&#8221;4.0.2&#8243; header_2_font=&#8221;||||||||&#8221; header_2_text_align=&#8221;center&#8221; header_2_text_color=&#8221;#008ab3&#8243; header_2_font_size=&#8221;48px&#8221; header_3_text_align=&#8221;center&#8221; min_height=&#8221;105px&#8221; custom_margin=&#8221;||-1px|||&#8221; custom_margin_tablet=&#8221;&#8221; custom_margin_phone=&#8221;||0px||false|false&#8221; custom_margin_last_edited=&#8221;on|phone&#8221; custom_padding=&#8221;||7px|54px||&#8221; custom_padding_tablet=&#8221;&#8221; custom_padding_phone=&#8221;|0px||0px|false|true&#8221; custom_padding_last_edited=&#8221;on|phone&#8221;]<\/p>\n<h2>Il nostro principale partner sponsorizzato<\/h2>\n<p style=\"text-align: center;\">Fin dall&#8217;inizio siamo stati felici di aver trovato un partner ideale per lo scopo della nostra fondazione nel WWF World Wildlife Fund. La sua prudenza, il suo approccio chiaro, l&#8217;entusiasmo e l&#8217;alta reputazione lo rendono molto prezioso per lo scopo della nostra fondazione.<\/p>\n<p>[\/et_pb_text][\/et_pb_column][\/et_pb_row][et_pb_row _builder_version=&#8221;4.0.2&#8243; custom_margin=&#8221;-62px|auto||auto||&#8221;][et_pb_column type=&#8221;4_4&#8243; _builder_version=&#8221;4.0.2&#8243;][et_pb_image src=&#8221;https:\/\/blueplanet-foundation.org\/wp-content\/uploads\/2019\/10\/275px-WWF_Logo.svg_.png&#8221; align=&#8221;center&#8221; _builder_version=&#8221;4.7.5&#8243; custom_margin_tablet=&#8221;&#8221; custom_margin_phone=&#8221;21px||||false|false&#8221; custom_margin_last_edited=&#8221;on|phone&#8221;][\/et_pb_image][\/et_pb_column][\/et_pb_row][\/et_pb_section][et_pb_section fb_built=&#8221;1&#8243; _builder_version=&#8221;3.22&#8243; min_height=&#8221;362px&#8221; custom_margin=&#8221;-75px|||||&#8221; custom_padding=&#8221;10px|||||&#8221;][et_pb_row module_id=&#8221;projects&#8221; _builder_version=&#8221;4.0.2&#8243; custom_padding=&#8221;106px||0px|||&#8221;][et_pb_column type=&#8221;4_4&#8243; _builder_version=&#8221;4.0.2&#8243;][et_pb_text _builder_version=&#8221;4.0.2&#8243; header_2_font=&#8221;||||||||&#8221; header_2_text_align=&#8221;center&#8221; header_2_text_color=&#8221;#008ab3&#8243; header_2_font_size=&#8221;48px&#8221; header_3_text_align=&#8221;center&#8221; min_height=&#8221;105px&#8221; custom_margin=&#8221;||-1px|||&#8221; custom_margin_tablet=&#8221;&#8221; custom_margin_phone=&#8221;||0px||false|false&#8221; custom_margin_last_edited=&#8221;on|phone&#8221; custom_padding=&#8221;||7px|54px||&#8221; custom_padding_tablet=&#8221;&#8221; custom_padding_phone=&#8221;|0px||0px|false|true&#8221; custom_padding_last_edited=&#8221;on|phone&#8221;]<\/p>\n<h2>Progetti finanziati da Blue Planet<\/h2>\n<p style=\"text-align: center;\">La nostra fondazione \u00e8 orgogliosa di sostenere tanti progetti ambiziosi, che si occupano tutti della protezione e della sopravvivenza dei nostri oceani. Al momento stiamo finanziando pi\u00f9 di 20 progetti regionali, nazionali e internazionali. Siamo lieti di presentare qui una selezione.<\/p>\n<p>[\/et_pb_text][\/et_pb_column][\/et_pb_row][\/et_pb_section][et_pb_section fb_built=&#8221;1&#8243; fullwidth=&#8221;on&#8221; admin_label=&#8221;Project full-width&#8221; _builder_version=&#8221;4.7.2&#8243; background_image=&#8221;https:\/\/blueplanet-foundation.org\/wp-content\/uploads\/2020\/11\/tursiomed-bg-2-hp-1920-660.jpg&#8221;][et_pb_fullwidth_header title=&#8221;TursioMed e InterMed&#8221; button_one_text=&#8221;Ulteriori informazioni&#8221; button_one_url=&#8221; https:\/\/blueplanet-foundation.org\/it\/wwf-tursiomed\/&#8221; _builder_version=&#8221;4.4.8&#8243; content_font=&#8221;|600|||||||&#8221; content_font_size=&#8221;22px&#8221; background_enable_color=&#8221;off&#8221; custom_button_one=&#8221;on&#8221; button_one_text_size=&#8221;13px&#8221; button_one_bg_color=&#8221;#ff666b&#8221; button_one_border_width=&#8221;1px&#8221; button_one_border_color=&#8221;#ffffff&#8221; button_one_border_radius=&#8221;1px&#8221; button_one_font=&#8221;Lato|700||on|||||&#8221; border_width_bottom=&#8221;2px&#8221; border_color_bottom=&#8221;#ffffff&#8221;]<\/p>\n<p>Censimento e conservazione della popolazione di delfini nel Mediterraneo<\/p>\n<p>[\/et_pb_fullwidth_header][\/et_pb_section][et_pb_section fb_built=&#8221;1&#8243; fullwidth=&#8221;on&#8221; admin_label=&#8221;Project full-width&#8221; _builder_version=&#8221;4.7.2&#8243; background_image=&#8221;https:\/\/blueplanet-foundation.org\/wp-content\/uploads\/2020\/11\/Eric_Madeja__EMA7985-1000-664.jpg&#8221;][et_pb_fullwidth_header title=&#8221;WWF in Malesia&#8221; button_one_text=&#8221;Ulteriori informazioni&#8221; button_one_url=&#8221;https:\/\/blueplanet-foundation.org\/it\/wwf-tun-mustapha-park-malesia\/&#8221; _builder_version=&#8221;4.7.6&#8243; content_font=&#8221;|600|||||||&#8221; content_font_size=&#8221;22px&#8221; background_enable_color=&#8221;off&#8221; custom_button_one=&#8221;on&#8221; button_one_text_size=&#8221;13px&#8221; button_one_bg_color=&#8221;#ff666b&#8221; button_one_border_width=&#8221;1px&#8221; button_one_border_color=&#8221;#ffffff&#8221; button_one_border_radius=&#8221;1px&#8221; button_one_font=&#8221;Lato|700||on|||||&#8221; border_width_bottom=&#8221;2px&#8221; border_color_bottom=&#8221;#ffffff&#8221;]<\/p>\n<p>Protezione navale e costiera<\/p>\n<p>[\/et_pb_fullwidth_header][\/et_pb_section][et_pb_section fb_built=&#8221;1&#8243; fullwidth=&#8221;on&#8221; admin_label=&#8221; Project full-width&#8221; _builder_version=&#8221;4.7.2&#8243; background_image=&#8221;https:\/\/blueplanet-foundation.org\/wp-content\/uploads\/2020\/11\/pescadores-en-Isla-Guafo-1000-750.jpg&#8221;][et_pb_fullwidth_header title=&#8221;Isola di Guafo, Cile&#8221; button_one_text=&#8221;Ulteriori informazioni&#8221; button_one_url=&#8221;https:\/\/blueplanet-foundation.org\/it\/wwf-isola-di-guafo\/&#8221; _builder_version=&#8221;4.4.8&#8243; content_font=&#8221;|600|||||||&#8221; content_font_size=&#8221;22px&#8221; background_enable_color=&#8221;off&#8221; custom_button_one=&#8221;on&#8221; button_one_text_size=&#8221;13px&#8221; button_one_bg_color=&#8221;#ff666b&#8221; button_one_border_width=&#8221;1px&#8221; button_one_border_color=&#8221;#ffffff&#8221; button_one_border_radius=&#8221;1px&#8221; button_one_font=&#8221;Lato|700||on|||||&#8221; border_width_bottom=&#8221;2px&#8221; border_color_bottom=&#8221;#ffffff&#8221;]<\/p>\n<p>Protezione navale e costiera<\/p>\n<p>[\/et_pb_fullwidth_header][\/et_pb_section][et_pb_section fb_built=&#8221;1&#8243; fullwidth=&#8221;on&#8221; admin_label=&#8221; Project full-width&#8221; _builder_version=&#8221;4.7.5&#8243; background_image=&#8221;https:\/\/blueplanet-foundation.org\/wp-content\/uploads\/2020\/12\/bees-bg-3-hp-1920-660.jpg&#8221;][et_pb_fullwidth_header title=&#8221;Apiario didattico&#8221; button_one_text=&#8221;Ulteriori informazioni&#8221; button_one_url=&#8221;https:\/\/blueplanet-foundation.org\/it\/didattica-apiario-sta\/&#8221; _builder_version=&#8221;4.7.6&#8243; content_font=&#8221;|600|||||||&#8221; content_font_size=&#8221;22px&#8221; background_enable_color=&#8221;off&#8221; custom_button_one=&#8221;on&#8221; button_one_text_size=&#8221;13px&#8221; button_one_bg_color=&#8221;#ff666b&#8221; button_one_border_width=&#8221;1px&#8221; button_one_border_color=&#8221;#ffffff&#8221; button_one_border_radius=&#8221;1px&#8221; button_one_font=&#8221;Lato|700||on|||||&#8221; border_width_bottom=&#8221;2px&#8221; border_color_bottom=&#8221;#ffffff&#8221;]<\/p>\n<p>Sostenere l&#8217;insediamento delle api in Ticino<\/p>\n<p>[\/et_pb_fullwidth_header][\/et_pb_section][et_pb_section fb_built=&#8221;1&#8243; admin_label=&#8221;Spacer section (do not delete!)&#8221; _builder_version=&#8221;4.4.8&#8243; global_module=&#8221;27735&#8243; saved_tabs=&#8221;all&#8221;][\/et_pb_section][et_pb_section fb_built=&#8221;1&#8243; admin_label=&#8221;Footer&#8221; _builder_version=&#8221;4.7.2&#8243; background_color=&#8221;#008ab3&#8243; top_divider_style=&#8221;waves&#8221; top_divider_color=&#8221;#ffffff&#8221; top_divider_height=&#8221;62px&#8221; global_module=&#8221;27732&#8243; saved_tabs=&#8221;all&#8221;][et_pb_row column_structure=&#8221;1_2,1_2&#8243; _builder_version=&#8221;4.0.2&#8243; custom_margin=&#8221;7%||||false|false&#8221;][et_pb_column type=&#8221;1_2&#8243; _builder_version=&#8221;4.0.2&#8243;][et_pb_image src=&#8221;https:\/\/blueplanet-foundation.org\/wp-content\/uploads\/2020\/11\/BluePlanet_Logo_weiss_P313U_768.png&#8221; alt=&#8221;Logo del Blue Planet&#8221; title_text=&#8221;Logo del Blue Planet&#8221; _builder_version=&#8221;4.7.2&#8243;][\/et_pb_image][\/et_pb_column][et_pb_column type=&#8221;1_2&#8243; _builder_version=&#8221;4.0.2&#8243;][et_pb_text admin_label=&#8221;Text&#8221; _builder_version=&#8221;4.7.6&#8243; text_text_color=&#8221;#ffffff&#8221; text_font_size=&#8221;20px&#8221; header_3_font=&#8221;Open Sans|700||on|||||&#8221; header_3_text_color=&#8221;#ffffff&#8221;]<\/p>\n<h3>Indirizzo<\/h3>\n<p>Blue Planet &#8211; Virginia B\u00f6ger Stiftung X.X.<br \/> Via Serafino Balestra 18<br \/> 6900 Lugano<\/p>\n<p>info@blueplanetfoundation.ch<\/p>\n<p>&nbsp;<\/p>\n<p><strong><a href=\"https:\/\/blueplanet-foundation.org\/it\/impronta\/\">Impressum<\/a> &#8211;<a href=\"https:\/\/blueplanet-foundation.org\/it\/informativa-sulla-privacy\/\"> Informativa sulla privacy<\/a><\/strong><\/p>\n<p>[\/et_pb_text][\/et_pb_column][\/et_pb_row][\/et_pb_section]<\/p>\n","protected":false},"excerpt":{"rendered":"<p>La nostra missioneSosteniamo progetti per la tutela dell&#8217;ambiente e della natura in generale, nonch\u00e9 qualsiasi iniziativa volta alla protezione degli animali e alla sensibilizzazione dei popoli per la pace del mondo.Scopo della fondazione Come facciamo progetti e cosa viene sostenuto da Blue Planet. La nostra fondatrice, Virginia B\u00f6ger, amava il mare. Voleva preservare la sua [&hellip;]<\/p>\n","protected":false},"author":1,"featured_media":0,"parent":0,"menu_order":0,"comment_status":"closed","ping_status":"closed","template":"","meta":{"_et_pb_use_builder":"on","_et_pb_old_content":"","_et_gb_content_width":"","footnotes":""},"class_list":["post-27925","page","type-page","status-publish","hentry"],"_links":{"self":[{"href":"https:\/\/blueplanet-foundation.org\/it\/wp-json\/wp\/v2\/pages\/27925","targetHints":{"allow":["GET"]}}],"collection":[{"href":"https:\/\/blueplanet-foundation.org\/it\/wp-json\/wp\/v2\/pages"}],"about":[{"href":"https:\/\/blueplanet-foundation.org\/it\/wp-json\/wp\/v2\/types\/page"}],"author":[{"embeddable":true,"href":"https:\/\/blueplanet-foundation.org\/it\/wp-json\/wp\/v2\/users\/1"}],"replies":[{"embeddable":true,"href":"https:\/\/blueplanet-foundation.org\/it\/wp-json\/wp\/v2\/comments?post=27925"}],"version-history":[{"count":18,"href":"https:\/\/blueplanet-foundation.org\/it\/wp-json\/wp\/v2\/pages\/27925\/revisions"}],"predecessor-version":[{"id":28095,"href":"https:\/\/blueplanet-foundation.org\/it\/wp-json\/wp\/v2\/pages\/27925\/revisions\/28095"}],"wp:attachment":[{"href":"https:\/\/blueplanet-foundation.org\/it\/wp-json\/wp\/v2\/media?parent=27925"}],"curies":[{"name":"wp","href":"https:\/\/api.w.org\/{rel}","templated":true}]}}