{"id":28157,"date":"2020-12-22T10:01:03","date_gmt":"2020-12-22T10:01:03","guid":{"rendered":"https:\/\/blueplanet-foundation.org\/impressum\/"},"modified":"2020-12-22T12:55:29","modified_gmt":"2020-12-22T12:55:29","slug":"impressum","status":"publish","type":"page","link":"https:\/\/blueplanet-foundation.org\/de\/impressum\/","title":{"rendered":"Impressum"},"content":{"rendered":"<p>[et_pb_section fb_built=&#8220;1&#8243; _builder_version=&#8220;4.7.2&#8243; _module_preset=&#8220;default&#8220;][et_pb_row _builder_version=&#8220;4.7.2&#8243; _module_preset=&#8220;default&#8220;][et_pb_column type=&#8220;4_4&#8243; _builder_version=&#8220;4.7.2&#8243; _module_preset=&#8220;default&#8220;][et_pb_text _builder_version=&#8220;4.7.2&#8243; _module_preset=&#8220;default&#8220;]<\/p>\n<h1>Impressum<\/h1>\n<h2>Kontakt-Adresse<\/h2>\n<p>Blue Planet &#8211; Virginia Boeger Foundation X.X.<br \/>\nVia Serafino Balestra 18<br \/>\n6900 Lugano<br \/>\nSchweiz<\/p>\n<p>e-mail: impressum@blueplanet-foundation.org<\/p>\n<h2>Vertretungsberechtigte Person(en)<\/h2>\n<p>Luzi Rageth<br \/>\nDr. oec. HSG MA, Stiftungsrat<\/p>\n<h2>Handelsregister-Eintrag<\/h2>\n<p>Eingetragener Firmenname: Blue Planet &#8211; Virginia B\u00f6ger Stiftung X.X.<br \/>\nHandelsregister Nr: CH-501.7.011.302-8<\/p>\n<p>Mehrwertsteuer-Nummer: CHE-114,482,522<\/p>\n<h2>Haftungsausschluss<\/h2>\n<p>Der Autor \u00fcbernimmt keinerlei Gew\u00e4hr hinsichtlich der inhaltlichen Richtigkeit, Genauigkeit, Aktualit\u00e4t, Zuverl\u00e4ssigkeit und Vollst\u00e4ndigkeit der Informationen. Haftungsanspr\u00fcche gegen den Autor wegen Sch\u00e4den materieller oder immaterieller Art, welche aus dem Zugriff oder der Nutzung bzw. Nichtnutzung der ver\u00f6ffentlichten Informationen, durch Missbrauch der Verbindung oder durch technische St\u00f6rungen entstanden sind, werden ausgeschlossen.<\/p>\n<p>Alle Angebote sind unverbindlich. Der Autor beh\u00e4lt es sich ausdr\u00fccklich vor, Teile der Seiten oder das gesamte Angebot ohne besondere Ank\u00fcndigung zu ver\u00e4ndern, zu erg\u00e4nzen, zu l\u00f6schen oder die Ver\u00f6ffentlichung zeitweise oder endg\u00fcltig einzustellen. <\/p>\n<h2>Haftungsausschluss f\u00fcr Links<\/h2>\n<p>Verweise und Links auf Webseiten Dritter liegen ausserhalb unseres Verantwortungsbereichs. Es wird jegliche Verantwortung f\u00fcr solche Webseiten abgelehnt. Der Zugriff und die Nutzung solcher Webseiten erfolgen auf eigene Gefahr des jeweiligen Nutzers.  <\/p>\n<h2>Uhrheberrechte<\/h2>\n<p>Die Urheber- und alle anderen Rechte an Inhalten, Bildern, Fotos oder anderen Dateien auf dieser Website, geh\u00f6ren ausschliesslich der juristischen Person Blue Planet &#8211; Virginia B\u00f6ger Stiftung X.X. oder den speziell genannten Rechteinhabern. F\u00fcr die Reproduktion jeglicher Elemente ist die schriftliche Zustimmung des Urheberrechtstr\u00e4gers im Voraus einzuholen. <\/p>\n<p>Quelle: <a href=\"https:\/\/www.swissanwalt.ch\" target=\"_blank\" rel=\"noopener noreferrer\">SwissAnwalt<\/a>[\/et_pb_text][\/et_pb_column][\/et_pb_row][\/et_pb_section][et_pb_section fb_built=&#8220;1&#8243; admin_label=&#8220;Footer&#8220; _builder_version=&#8220;4.7.2&#8243; background_color=&#8220;#008ab3&#8243; top_divider_style=&#8220;waves&#8220; top_divider_color=&#8220;#ffffff&#8220; top_divider_height=&#8220;62px&#8220; saved_tabs=&#8220;all&#8220;][et_pb_row column_structure=&#8220;1_2,1_2&#8243; _builder_version=&#8220;4.0.2&#8243; custom_margin=&#8220;7%||||false|false&#8220;][et_pb_column type=&#8220;1_2&#8243; _builder_version=&#8220;4.0.2&#8243;][et_pb_image src=&#8220;https:\/\/blueplanet-foundation.org\/wp-content\/uploads\/2020\/11\/BluePlanet_Logo_weiss_P313U_768.png&#8220; alt=&#8220;Blue Planet Logo&#8220; title_text=&#8220;Blue Planet Logo&#8220; _builder_version=&#8220;4.7.2&#8243;][\/et_pb_image][\/et_pb_column][et_pb_column type=&#8220;1_2&#8243; _builder_version=&#8220;4.0.2&#8243;][et_pb_text admin_label=&#8220;Text&#8220; _builder_version=&#8220;4.7.7&#8243; text_text_color=&#8220;#ffffff&#8220; text_font_size=&#8220;20px&#8220; header_3_font=&#8220;Open Sans|700||on|||||&#8220; header_3_text_color=&#8220;#ffffff&#8220; hover_enabled=&#8220;0&#8243; sticky_enabled=&#8220;0&#8243;]<\/p>\n<h3>Adresse<\/h3>\n<p>Blue Planet &#8211; Virginia B\u00f6ger Stiftung X.X.<br \/>Via Serafino Balestra 18<br \/>6900 Lugano<\/p>\n<p>info@blueplanetfoundation.ch<\/p>\n<p>&nbsp;<\/p>\n<p><strong><a href=\"https:\/\/blueplanet-foundation.org\/de\/impressum\/\">Impressum<\/a> &#8211; <a href=\"https:\/\/blueplanet-foundation.org\/de\/datenschutzerklaerung\/\">Datenschutzerkl\u00e4rung<\/a><\/strong><\/p>\n<p>[\/et_pb_text][\/et_pb_column][\/et_pb_row][\/et_pb_section]<\/p>\n","protected":false},"excerpt":{"rendered":"<p>Impressum Kontakt-Adresse Blue Planet &#8211; Virginia Boeger Foundation X.X. Via Serafino Balestra 18 6900 Lugano Schweiz e-mail: impressum@blueplanet-foundation.org Vertretungsberechtigte Person(en) Luzi Rageth Dr. oec. HSG MA, Stiftungsrat Handelsregister-Eintrag Eingetragener Firmenname: Blue Planet &#8211; Virginia B\u00f6ger Stiftung X.X. Handelsregister Nr: CH-501.7.011.302-8 Mehrwertsteuer-Nummer: CHE-114,482,522 Haftungsausschluss Der Autor \u00fcbernimmt keinerlei Gew\u00e4hr hinsichtlich der inhaltlichen Richtigkeit, Genauigkeit, Aktualit\u00e4t, Zuverl\u00e4ssigkeit [&hellip;]<\/p>\n","protected":false},"author":1,"featured_media":0,"parent":0,"menu_order":0,"comment_status":"closed","ping_status":"closed","template":"","meta":{"_et_pb_use_builder":"on","_et_pb_old_content":"","_et_gb_content_width":"","footnotes":""},"class_list":["post-28157","page","type-page","status-publish","hentry"],"_links":{"self":[{"href":"https:\/\/blueplanet-foundation.org\/de\/wp-json\/wp\/v2\/pages\/28157","targetHints":{"allow":["GET"]}}],"collection":[{"href":"https:\/\/blueplanet-foundation.org\/de\/wp-json\/wp\/v2\/pages"}],"about":[{"href":"https:\/\/blueplanet-foundation.org\/de\/wp-json\/wp\/v2\/types\/page"}],"author":[{"embeddable":true,"href":"https:\/\/blueplanet-foundation.org\/de\/wp-json\/wp\/v2\/users\/1"}],"replies":[{"embeddable":true,"href":"https:\/\/blueplanet-foundation.org\/de\/wp-json\/wp\/v2\/comments?post=28157"}],"version-history":[{"count":6,"href":"https:\/\/blueplanet-foundation.org\/de\/wp-json\/wp\/v2\/pages\/28157\/revisions"}],"predecessor-version":[{"id":28198,"href":"https:\/\/blueplanet-foundation.org\/de\/wp-json\/wp\/v2\/pages\/28157\/revisions\/28198"}],"wp:attachment":[{"href":"https:\/\/blueplanet-foundation.org\/de\/wp-json\/wp\/v2\/media?parent=28157"}],"curies":[{"name":"wp","href":"https:\/\/api.w.org\/{rel}","templated":true}]}}