{"id":28078,"date":"2020-12-21T21:37:58","date_gmt":"2020-12-21T21:37:58","guid":{"rendered":"https:\/\/blueplanet-foundation.org\/blue-planet-virginia-boeger-stiftung\/"},"modified":"2020-12-22T12:53:59","modified_gmt":"2020-12-22T12:53:59","slug":"blue-planet-virginia-boeger-stiftung","status":"publish","type":"page","link":"https:\/\/blueplanet-foundation.org\/de\/","title":{"rendered":"Blue Planet &#8211; Virginia B\u00f6ger Stiftung"},"content":{"rendered":"<p>[et_pb_section fb_built=&#8220;1&#8243; custom_padding_last_edited=&#8220;on|desktop&#8220; admin_label=&#8220;section&#8220; _builder_version=&#8220;4.0.2&#8243; background_image=&#8220;https:\/\/blueplanet-foundation.org\/wp-content\/uploads\/2020\/06\/delfini-tursiomed-1920.jpg&#8220; custom_padding=&#8220;115px|0px|51.0312px|0px&#8220; custom_padding_tablet=&#8220;50px|0|50px|0&#8243; custom_padding_phone=&#8220;&#8220; border_width_top=&#8220;3px&#8220; border_color_top=&#8220;#ffffff&#8220; transparent_background=&#8220;off&#8220; padding_mobile=&#8220;off&#8220; make_fullwidth=&#8220;off&#8220; use_custom_width=&#8220;off&#8220; width_unit=&#8220;off&#8220; custom_width_px=&#8220;1080px&#8220; custom_width_percent=&#8220;80%&#8220;][et_pb_row padding_mobile=&#8220;off&#8220; column_padding_mobile=&#8220;on&#8220; _builder_version=&#8220;4.4.8&#8243; background_color=&#8220;rgba(0,138,179,0.53)&#8220; background_size=&#8220;initial&#8220; background_position=&#8220;top_left&#8220; background_repeat=&#8220;repeat&#8220; make_fullwidth=&#8220;off&#8220; use_custom_width=&#8220;off&#8220; width_unit=&#8220;off&#8220; custom_width_px=&#8220;1080px&#8220; custom_width_percent=&#8220;80%&#8220;][et_pb_column type=&#8220;4_4&#8243; _builder_version=&#8220;3.25&#8243; custom_padding=&#8220;|||&#8220; custom_padding__hover=&#8220;|||&#8220;][et_pb_text _builder_version=&#8220;4.7.5&#8243; header_font=&#8220;Montserrat|on||on|&#8220; header_font_size=&#8220;80px&#8220; background_size=&#8220;initial&#8220; background_position=&#8220;top_left&#8220; background_repeat=&#8220;repeat&#8220; text_orientation=&#8220;center&#8220; background_layout=&#8220;dark&#8220; module_alignment=&#8220;center&#8220; header_font_size_tablet=&#8220;63px&#8220; header_font_size_phone=&#8220;41px&#8220; header_font_size_last_edited=&#8220;on|phone&#8220; use_border_color=&#8220;off&#8220; border_style=&#8220;solid&#8220;]<\/p>\n<h1>Unsere Mission<\/h1>\n<p>[\/et_pb_text][et_pb_text _builder_version=&#8220;4.7.5&#8243; text_font=&#8220;Lato|700|||||||&#8220; header_font=&#8220;||||&#8220; background_size=&#8220;initial&#8220; background_position=&#8220;top_left&#8220; background_repeat=&#8220;repeat&#8220; text_orientation=&#8220;center&#8220; background_layout=&#8220;dark&#8220; max_width=&#8220;80%&#8220; module_alignment=&#8220;center&#8220; custom_margin_tablet=&#8220;&#8220; custom_margin_phone=&#8220;&#8220; custom_margin_last_edited=&#8220;on|phone&#8220; custom_padding=&#8220;8px||||false|false&#8220; text_font_tablet=&#8220;&#8220; text_font_phone=&#8220;&#8220; text_font_last_edited=&#8220;on|phone&#8220; text_font_size_phone=&#8220;18px&#8220; use_border_color=&#8220;off&#8220; border_style=&#8220;solid&#8220;]<\/p>\n<p>Wir unterst\u00fctzen Projekte zum Schutz der Umwelt und der Natur im Allgemeinen, sowie jede Initiative, die auf den Schutz der Tiere und das Bewusstsein der Menschen f\u00fcr den Frieden in der Welt abzielt.<\/p>\n<p>[\/et_pb_text][et_pb_code _builder_version=&#8220;3.0.47&#8243; custom_css_main_element=&#8220;display: block;||height: 100px;||width: 1px;||position: relative;||background-color: #fff;||margin: auto;&#8220;][\/et_pb_code][et_pb_button button_url=&#8220;#projects&#8220; button_text=&#8220;Unsere F\u00f6rderprojekte&#8220; button_alignment=&#8220;center&#8220; _builder_version=&#8220;4.7.5&#8243; custom_button=&#8220;on&#8220; button_text_color=&#8220;#ffffff&#8220; button_bg_color=&#8220;#ff666b&#8220; button_border_width=&#8220;2px&#8220; button_border_radius=&#8220;0px&#8220; button_font=&#8220;Lato|700||on|||||&#8220; button_icon=&#8220;%%3%%&#8220; button_text_size_tablet=&#8220;&#8220; button_text_size_phone=&#8220;15px&#8220; button_text_size_last_edited=&#8220;on|phone&#8220;][\/et_pb_button][\/et_pb_column][\/et_pb_row][\/et_pb_section][et_pb_section fb_built=&#8220;1&#8243; _builder_version=&#8220;3.22&#8243;][et_pb_row column_structure=&#8220;3_4,1_4&#8243; _builder_version=&#8220;4.0.2&#8243; custom_padding=&#8220;45px||0px|||&#8220;][et_pb_column type=&#8220;3_4&#8243; _builder_version=&#8220;4.0.2&#8243;][et_pb_text _builder_version=&#8220;4.7.7&#8243; header_2_font=&#8220;||||||||&#8220; header_2_text_align=&#8220;center&#8220; header_2_text_color=&#8220;#008ab3&#8243; header_2_font_size=&#8220;48px&#8220; header_3_text_align=&#8220;center&#8220; min_height=&#8220;105px&#8220; custom_margin=&#8220;||-1px|||&#8220; custom_margin_tablet=&#8220;&#8220; custom_margin_phone=&#8220;||0px||false|false&#8220; custom_margin_last_edited=&#8220;on|phone&#8220; custom_padding=&#8220;||7px|54px||&#8220; custom_padding_tablet=&#8220;&#8220; custom_padding_phone=&#8220;|0px||0px|false|true&#8220; custom_padding_last_edited=&#8220;on|phone&#8220;]<\/p>\n<h2>Stiftungszweck<\/h2>\n<h3>Wie wir Projekte durchf\u00fchren und was von Blue Planet unterst\u00fctzt wird<\/h3>\n<p>Unsere Gr\u00fcnderin, Virginia B\u00f6ger, liebte das Meer. Sie wollte seine Vielfalt und Sch\u00f6nheit bewahren, deshalb vermachte sie ihr Verm\u00f6gen der Blue Planet &#8211; Virginia B\u00f6ger Stiftung X.X.<\/p>\n<p>[\/et_pb_text][\/et_pb_column][et_pb_column type=&#8220;1_4&#8243; _builder_version=&#8220;4.0.2&#8243;][et_pb_image src=&#8220;https:\/\/blueplanet-foundation.org\/wp-content\/uploads\/2019\/10\/BluePlanet_Logo_blau_332.png&#8220; _builder_version=&#8220;4.7.5&#8243; custom_margin=&#8220;34.4%||||false|false&#8220; custom_margin_tablet=&#8220;&#8220; custom_margin_phone=&#8220;0%||11%||false|false&#8220; custom_margin_last_edited=&#8220;on|phone&#8220;][\/et_pb_image][\/et_pb_column][\/et_pb_row][et_pb_row _builder_version=&#8220;4.0.2&#8243; custom_margin=&#8220;-16px|auto||auto||&#8220; custom_padding=&#8220;1px|||||&#8220;][et_pb_column type=&#8220;4_4&#8243; _builder_version=&#8220;4.0.2&#8243;][et_pb_text _builder_version=&#8220;4.4.8&#8243; header_2_font=&#8220;||||||||&#8220; header_2_text_align=&#8220;center&#8220; header_2_text_color=&#8220;#008ab3&#8243; header_2_font_size=&#8220;48px&#8220; header_3_text_align=&#8220;center&#8220; min_height=&#8220;105px&#8220; custom_margin=&#8220;||-1px|||&#8220; custom_margin_tablet=&#8220;&#8220; custom_margin_phone=&#8220;||0px||false|false&#8220; custom_margin_last_edited=&#8220;on|phone&#8220; custom_padding=&#8220;||7px|54px||&#8220; custom_padding_tablet=&#8220;&#8220; custom_padding_phone=&#8220;|0px||0px|false|true&#8220; custom_padding_last_edited=&#8220;on|phone&#8220;]<\/p>\n<p>Der Zweck der Stiftung &#8211; wie in Artikel 2 der Satzung beschrieben &#8211; lautet:<\/p>\n<p>[\/et_pb_text][et_pb_text _builder_version=&#8220;4.7.5&#8243; text_font=&#8220;Open Sans|600|on||||||&#8220; text_text_color=&#8220;#008ab3&#8243; text_font_size=&#8220;24px&#8220; header_2_font=&#8220;||||||||&#8220; header_2_text_align=&#8220;center&#8220; header_2_text_color=&#8220;#008ab3&#8243; header_2_font_size=&#8220;48px&#8220; header_3_text_align=&#8220;center&#8220; min_height=&#8220;105px&#8220; custom_padding=&#8220;|20px|48px|20px|false|true&#8220; text_font_size_phone=&#8220;18px&#8220;]<\/p>\n<p>\u00abUnterst\u00fctzung von Projekten zum Schutz der Umwelt und der Natur im Allgemeinen sowie von Initiativen, die den Schutz der Tierwelt und das Bewusstsein der V\u00f6lker f\u00fcr den Weltfrieden zum Ziel haben. Die Stiftung wird spezifische Aktionen sowie Studien und\/oder Forschungsprojekte unterst\u00fctzen, die mit ihrem Hauptzweck in Verbindung stehen. Die Stiftung kann Preise ausloben. &#8211; Insbesondere wird sie Projekte von anerkannten Organisationen unterst\u00fctzen.\u00bb<\/p>\n<p>[\/et_pb_text][\/et_pb_column][\/et_pb_row][\/et_pb_section][et_pb_section fb_built=&#8220;1&#8243; _builder_version=&#8220;3.22&#8243; custom_margin=&#8220;-75px|||||&#8220; custom_padding=&#8220;10px|||||&#8220;][et_pb_row _builder_version=&#8220;4.0.2&#8243; custom_padding=&#8220;45px|||||&#8220;][et_pb_column type=&#8220;4_4&#8243; _builder_version=&#8220;4.0.2&#8243;][et_pb_text _builder_version=&#8220;4.0.2&#8243; header_2_font=&#8220;||||||||&#8220; header_2_text_align=&#8220;center&#8220; header_2_text_color=&#8220;#008ab3&#8243; header_2_font_size=&#8220;48px&#8220; header_3_text_align=&#8220;center&#8220; min_height=&#8220;105px&#8220; custom_margin=&#8220;||-1px|||&#8220; custom_margin_tablet=&#8220;&#8220; custom_margin_phone=&#8220;||0px||false|false&#8220; custom_margin_last_edited=&#8220;on|phone&#8220; custom_padding=&#8220;||7px|54px||&#8220; custom_padding_tablet=&#8220;&#8220; custom_padding_phone=&#8220;|0px||0px|false|true&#8220; custom_padding_last_edited=&#8220;on|phone&#8220;]<\/p>\n<h2>Unser Hauptsponsorpartner<\/h2>\n<p style=\"text-align: center\">Wir haben uns von Anfang an gefreut, mit dem WWF World Wildlife Fund einen idealen Partner f\u00fcr unseren Stiftungszweck gefunden zu haben. Seine Umsicht, seine klare Herangehensweise, sein Enthusiasmus und sein hohes Ansehen machen ihn f\u00fcr unseren Stiftungszweck sehr wertvoll. <\/p>\n<p>[\/et_pb_text][\/et_pb_column][\/et_pb_row][et_pb_row _builder_version=&#8220;4.0.2&#8243; custom_margin=&#8220;-62px|auto||auto||&#8220;][et_pb_column type=&#8220;4_4&#8243; _builder_version=&#8220;4.0.2&#8243;][et_pb_image src=&#8220;https:\/\/blueplanet-foundation.org\/wp-content\/uploads\/2019\/10\/275px-WWF_Logo.svg_.png&#8220; align=&#8220;center&#8220; _builder_version=&#8220;4.7.5&#8243; custom_margin_tablet=&#8220;&#8220; custom_margin_phone=&#8220;21px||||false|false&#8220; custom_margin_last_edited=&#8220;on|phone&#8220;][\/et_pb_image][\/et_pb_column][\/et_pb_row][\/et_pb_section][et_pb_section fb_built=&#8220;1&#8243; _builder_version=&#8220;3.22&#8243; min_height=&#8220;362px&#8220; custom_margin=&#8220;-75px|||||&#8220; custom_padding=&#8220;10px|||||&#8220;][et_pb_row module_id=&#8220;projects&#8220; _builder_version=&#8220;4.0.2&#8243; custom_padding=&#8220;106px||0px|||&#8220;][et_pb_column type=&#8220;4_4&#8243; _builder_version=&#8220;4.0.2&#8243;][et_pb_text _builder_version=&#8220;4.0.2&#8243; header_2_font=&#8220;||||||||&#8220; header_2_text_align=&#8220;center&#8220; header_2_text_color=&#8220;#008ab3&#8243; header_2_font_size=&#8220;48px&#8220; header_3_text_align=&#8220;center&#8220; min_height=&#8220;105px&#8220; custom_margin=&#8220;||-1px|||&#8220; custom_margin_tablet=&#8220;&#8220; custom_margin_phone=&#8220;||0px||false|false&#8220; custom_margin_last_edited=&#8220;on|phone&#8220; custom_padding=&#8220;||7px|54px||&#8220; custom_padding_tablet=&#8220;&#8220; custom_padding_phone=&#8220;|0px||0px|false|true&#8220; custom_padding_last_edited=&#8220;on|phone&#8220;]<\/p>\n<h2>Von Blue Planet gef\u00f6rderte Projekte<\/h2>\n<p style=\"text-align: center\">Unsere Stiftung ist stolz darauf, so viele ambitionierte Projekte zu unterst\u00fctzen, die sich mehrheitlich um den Schutz und das \u00dcberleben unserer Ozeane k\u00fcmmern. Zurzeit f\u00f6rdern wir mehr als 20 regionale, nationale und internationale Projekte. Wir freuen uns, Ihnen hier eine Auswahl pr\u00e4sentieren zu k\u00f6nnen. <\/p>\n<p>[\/et_pb_text][\/et_pb_column][\/et_pb_row][\/et_pb_section][et_pb_section fb_built=&#8220;1&#8243; fullwidth=&#8220;on&#8220; admin_label=&#8220;Project full-width&#8220; _builder_version=&#8220;4.7.2&#8243; background_image=&#8220;https:\/\/blueplanet-foundation.org\/wp-content\/uploads\/2020\/11\/tursiomed-bg-2-hp-1920-660.jpg&#8220;][et_pb_fullwidth_header title=&#8220;TursioMed und InterMed&#8220; button_one_text=&#8220;Mehr Informationen&#8220; button_one_url=&#8220; https:\/\/blueplanet-foundation.org\/wwf-tursiomed\/&#8220; _builder_version=&#8220;4.4.8&#8243; content_font=&#8220;|600|||||||&#8220; content_font_size=&#8220;22px&#8220; background_enable_color=&#8220;off&#8220; custom_button_one=&#8220;on&#8220; button_one_text_size=&#8220;13px&#8220; button_one_bg_color=&#8220;#ff666b&#8220; button_one_border_width=&#8220;1px&#8220; button_one_border_color=&#8220;#ffffff&#8220; button_one_border_radius=&#8220;1px&#8220; button_one_font=&#8220;Lato|700||on|||||&#8220; border_width_bottom=&#8220;2px&#8220; border_color_bottom=&#8220;#ffffff&#8220;]<\/p>\n<p>Z\u00e4hlung und Erhaltung der Delfinpopulation im Mittelmeer<\/p>\n<p>[\/et_pb_fullwidth_header][\/et_pb_section][et_pb_section fb_built=&#8220;1&#8243; fullwidth=&#8220;on&#8220; admin_label=&#8220;Project full-width&#8220; _builder_version=&#8220;4.7.2&#8243; background_image=&#8220;https:\/\/blueplanet-foundation.org\/wp-content\/uploads\/2020\/11\/Eric_Madeja__EMA7985-1000-664.jpg&#8220;][et_pb_fullwidth_header title=&#8220;WWF in Malaysia&#8220; button_one_text=&#8220;Mehr Informationen&#8220; button_one_url=&#8220;https:\/\/blueplanet-foundation.org\/wwf-tun-mustapha-park\/&#8220; _builder_version=&#8220;4.7.6&#8243; content_font=&#8220;|600|||||||&#8220; content_font_size=&#8220;22px&#8220; background_enable_color=&#8220;off&#8220; custom_button_one=&#8220;on&#8220; button_one_text_size=&#8220;13px&#8220; button_one_bg_color=&#8220;#ff666b&#8220; button_one_border_width=&#8220;1px&#8220; button_one_border_color=&#8220;#ffffff&#8220; button_one_border_radius=&#8220;1px&#8220; button_one_font=&#8220;Lato|700||on|||||&#8220; border_width_bottom=&#8220;2px&#8220; border_color_bottom=&#8220;#ffffff&#8220;]<\/p>\n<p>Meeres- und K\u00fcstenschutz<\/p>\n<p>[\/et_pb_fullwidth_header][\/et_pb_section][et_pb_section fb_built=&#8220;1&#8243; fullwidth=&#8220;on&#8220; admin_label=&#8220; Project full-width&#8220; _builder_version=&#8220;4.7.2&#8243; background_image=&#8220;https:\/\/blueplanet-foundation.org\/wp-content\/uploads\/2020\/11\/pescadores-en-Isla-Guafo-1000-750.jpg&#8220;][et_pb_fullwidth_header title=&#8220;Guafo-Insel in Chile&#8220; button_one_text=&#8220;Mehr Informationen&#8220; button_one_url=&#8220;https:\/\/blueplanet-foundation.org\/de\/wwf-guafo-insel\/&#8220; _builder_version=&#8220;4.4.8&#8243; content_font=&#8220;|600|||||||&#8220; content_font_size=&#8220;22px&#8220; background_enable_color=&#8220;off&#8220; custom_button_one=&#8220;on&#8220; button_one_text_size=&#8220;13px&#8220; button_one_bg_color=&#8220;#ff666b&#8220; button_one_border_width=&#8220;1px&#8220; button_one_border_color=&#8220;#ffffff&#8220; button_one_border_radius=&#8220;1px&#8220; button_one_font=&#8220;Lato|700||on|||||&#8220; border_width_bottom=&#8220;2px&#8220; border_color_bottom=&#8220;#ffffff&#8220;]<\/p>\n<p>Schutz und Erhaltung des K\u00fcsten- und Meeresgebiets<\/p>\n<p>[\/et_pb_fullwidth_header][\/et_pb_section][et_pb_section fb_built=&#8220;1&#8243; fullwidth=&#8220;on&#8220; admin_label=&#8220; Project full-width&#8220; _builder_version=&#8220;4.7.5&#8243; background_image=&#8220;https:\/\/blueplanet-foundation.org\/wp-content\/uploads\/2020\/12\/bees-bg-3-hp-1920-660.jpg&#8220;][et_pb_fullwidth_header title=&#8220;Didaktischer Bienenstock&#8220; button_one_text=&#8220;Mehr Informationen&#8220; button_one_url=&#8220;https:\/\/blueplanet-foundation.org\/de\/didaktischer-bienenstock\/&#8220; _builder_version=&#8220;4.7.6&#8243; content_font=&#8220;|600|||||||&#8220; content_font_size=&#8220;22px&#8220; background_enable_color=&#8220;off&#8220; custom_button_one=&#8220;on&#8220; button_one_text_size=&#8220;13px&#8220; button_one_bg_color=&#8220;#ff666b&#8220; button_one_border_width=&#8220;1px&#8220; button_one_border_color=&#8220;#ffffff&#8220; button_one_border_radius=&#8220;1px&#8220; button_one_font=&#8220;Lato|700||on|||||&#8220; border_width_bottom=&#8220;2px&#8220; border_color_bottom=&#8220;#ffffff&#8220;]<\/p>\n<p>Unterst\u00fctzung bei der Ansiedlung von Bienen im Tessin<\/p>\n<p>[\/et_pb_fullwidth_header][\/et_pb_section][et_pb_section fb_built=&#8220;1&#8243; admin_label=&#8220;Spacer section (do not delete!)&#8220; _builder_version=&#8220;4.4.8&#8243; saved_tabs=&#8220;all&#8220;][\/et_pb_section][et_pb_section fb_built=&#8220;1&#8243; admin_label=&#8220;Footer&#8220; _builder_version=&#8220;4.7.2&#8243; background_color=&#8220;#008ab3&#8243; top_divider_style=&#8220;waves&#8220; top_divider_color=&#8220;#ffffff&#8220; top_divider_height=&#8220;62px&#8220; saved_tabs=&#8220;all&#8220;][et_pb_row column_structure=&#8220;1_2,1_2&#8243; _builder_version=&#8220;4.0.2&#8243; custom_margin=&#8220;7%||||false|false&#8220;][et_pb_column type=&#8220;1_2&#8243; _builder_version=&#8220;4.0.2&#8243;][et_pb_image src=&#8220;https:\/\/blueplanet-foundation.org\/wp-content\/uploads\/2020\/11\/BluePlanet_Logo_weiss_P313U_768.png&#8220; alt=&#8220;Blue Planet Logo&#8220; title_text=&#8220;Blue Planet Logo&#8220; _builder_version=&#8220;4.7.2&#8243;][\/et_pb_image][\/et_pb_column][et_pb_column type=&#8220;1_2&#8243; _builder_version=&#8220;4.0.2&#8243;][et_pb_text admin_label=&#8220;Text&#8220; _builder_version=&#8220;4.7.6&#8243; text_text_color=&#8220;#ffffff&#8220; text_font_size=&#8220;20px&#8220; header_3_font=&#8220;Open Sans|700||on|||||&#8220; header_3_text_color=&#8220;#ffffff&#8220;]<\/p>\n<h3>Adresse<\/h3>\n<p>Blue Planet &#8211; Virginia B\u00f6ger Stiftung X.X.<br \/>Via Serafino Balestra 18<br \/>6900 Lugano<\/p>\n<p>info@blueplanetfoundation.ch<\/p>\n<p>&nbsp;<\/p>\n<p><strong><a href=\"https:\/\/blueplanet-foundation.org\/de\/impressum\/\">Impressum<\/a> &#8211;<a href=\"https:\/\/blueplanet-foundation.org\/de\/datenschutzerklaerung\/\"> Datenschutzerkl\u00e4rung<\/a><\/strong><\/p>\n<p>[\/et_pb_text][\/et_pb_column][\/et_pb_row][\/et_pb_section]<\/p>\n","protected":false},"excerpt":{"rendered":"<p>Unsere MissionWir unterst\u00fctzen Projekte zum Schutz der Umwelt und der Natur im Allgemeinen, sowie jede Initiative, die auf den Schutz der Tiere und das Bewusstsein der Menschen f\u00fcr den Frieden in der Welt abzielt.Stiftungszweck Wie wir Projekte durchf\u00fchren und was von Blue Planet unterst\u00fctzt wird Unsere Gr\u00fcnderin, Virginia B\u00f6ger, liebte das Meer. Sie wollte seine [&hellip;]<\/p>\n","protected":false},"author":1,"featured_media":0,"parent":0,"menu_order":0,"comment_status":"closed","ping_status":"closed","template":"","meta":{"_et_pb_use_builder":"on","_et_pb_old_content":"","_et_gb_content_width":"","footnotes":""},"class_list":["post-28078","page","type-page","status-publish","hentry"],"_links":{"self":[{"href":"https:\/\/blueplanet-foundation.org\/de\/wp-json\/wp\/v2\/pages\/28078","targetHints":{"allow":["GET"]}}],"collection":[{"href":"https:\/\/blueplanet-foundation.org\/de\/wp-json\/wp\/v2\/pages"}],"about":[{"href":"https:\/\/blueplanet-foundation.org\/de\/wp-json\/wp\/v2\/types\/page"}],"author":[{"embeddable":true,"href":"https:\/\/blueplanet-foundation.org\/de\/wp-json\/wp\/v2\/users\/1"}],"replies":[{"embeddable":true,"href":"https:\/\/blueplanet-foundation.org\/de\/wp-json\/wp\/v2\/comments?post=28078"}],"version-history":[{"count":15,"href":"https:\/\/blueplanet-foundation.org\/de\/wp-json\/wp\/v2\/pages\/28078\/revisions"}],"predecessor-version":[{"id":28196,"href":"https:\/\/blueplanet-foundation.org\/de\/wp-json\/wp\/v2\/pages\/28078\/revisions\/28196"}],"wp:attachment":[{"href":"https:\/\/blueplanet-foundation.org\/de\/wp-json\/wp\/v2\/media?parent=28078"}],"curies":[{"name":"wp","href":"https:\/\/api.w.org\/{rel}","templated":true}]}}